{"id":2623,"date":"2021-01-05T07:08:49","date_gmt":"2021-01-05T07:08:49","guid":{"rendered":"https:\/\/vesinh6.mauthemewp.com\/?page_id=2623"},"modified":"2021-01-11T08:59:48","modified_gmt":"2021-01-11T08:59:48","slug":"gioi-thieu-2","status":"publish","type":"page","link":"https:\/\/vesinh6.mauthemewp.com\/?page_id=2623","title":{"rendered":"Gi\u1edbi thi\u1ec7u"},"content":{"rendered":"<p>Ch\u00fang t\u00f4i l\u00e0 \u0111\u01a1n v\u1ecb chuy\u00ean cung c\u1ea5p c\u00e1c gi\u1ea3i ph\u00e1p l\u00e0m s\u1ea1ch v\u1ec7 sinh \u0111\u01b0\u1eddng \u1ed1ng n\u01b0\u1edbc c\u00f4ng ngh\u1ec7 cao. V\u1edbi ph\u01b0\u01a1ng ch\u00e2m &#8221; S\u1ef1 h\u00e0i l\u00f2ng c\u1ee7a kh\u00e1ch h\u00e0ng l\u00e0 th\u00e0nh c\u00f4ng c\u1ee7a ch\u00fang t\u00f4i&#8221;.<\/p>\n<p>Ch\u00fang t\u00f4i xin ch\u00e2n th\u00e0nh c\u1ea3m \u01a1n qu\u00fd kh\u00e1ch h\u00e0ng th\u1eddi gian v\u1eeba qua \u0111\u00e3 tin t\u01b0\u1edfng v\u00e0 s\u1eed d\u1ee5ng d\u1ecbch v\u1ee5 v\u1ec7 sinh \u0111\u01b0\u1eddng \u1ed1ng n\u01b0\u1edbc c\u1ee7a ch\u00fang t\u00f4i!<\/p>\n","protected":false},"excerpt":{"rendered":"<p>Ch\u00fang t\u00f4i l\u00e0 \u0111\u01a1n v\u1ecb chuy\u00ean cung c\u1ea5p c\u00e1c gi\u1ea3i ph\u00e1p l\u00e0m s\u1ea1ch v\u1ec7 sinh \u0111\u01b0\u1eddng \u1ed1ng n\u01b0\u1edbc c\u00f4ng ngh\u1ec7 cao. V\u1edbi ph\u01b0\u01a1ng ch\u00e2m &#8221; S\u1ef1 h\u00e0i l\u00f2ng c\u1ee7a kh\u00e1ch h\u00e0ng l\u00e0 th\u00e0nh c\u00f4ng c\u1ee7a ch\u00fang t\u00f4i&#8221;. Ch\u00fang t\u00f4i xin ch\u00e2n th\u00e0nh c\u1ea3m \u01a1n qu\u00fd kh\u00e1ch h\u00e0ng th\u1eddi gian v\u1eeba qua \u0111\u00e3 tin t\u01b0\u1edfng v\u00e0 [&#8230;]\n","protected":false},"author":1,"featured_media":0,"parent":0,"menu_order":7,"comment_status":"closed","ping_status":"closed","template":"","meta":{"footnotes":""},"yoast_head":"<!-- This site is optimized with the Yoast SEO plugin v21.6 - https:\/\/yoast.com\/wordpress\/plugins\/seo\/ -->\n<title>Gi\u1edbi thi\u1ec7u - Web V\u1ec7 sinh<\/title>\n<meta name=\"robots\" content=\"index, follow, max-snippet:-1, max-image-preview:large, max-video-preview:-1\" \/>\n<link rel=\"canonical\" href=\"https:\/\/vesinh6.mauthemewp.com\/?page_id=2623\" \/>\n<meta property=\"og:locale\" content=\"vi_VN\" \/>\n<meta property=\"og:type\" content=\"article\" \/>\n<meta property=\"og:title\" content=\"Gi\u1edbi thi\u1ec7u - Web V\u1ec7 sinh\" \/>\n<meta property=\"og:description\" content=\"Ch\u00fang t\u00f4i l\u00e0 \u0111\u01a1n v\u1ecb chuy\u00ean cung c\u1ea5p c\u00e1c gi\u1ea3i ph\u00e1p l\u00e0m s\u1ea1ch v\u1ec7 sinh \u0111\u01b0\u1eddng \u1ed1ng n\u01b0\u1edbc c\u00f4ng ngh\u1ec7 cao. V\u1edbi ph\u01b0\u01a1ng ch\u00e2m &#8221; S\u1ef1 h\u00e0i l\u00f2ng c\u1ee7a kh\u00e1ch h\u00e0ng l\u00e0 th\u00e0nh c\u00f4ng c\u1ee7a ch\u00fang t\u00f4i&#8221;. Ch\u00fang t\u00f4i xin ch\u00e2n th\u00e0nh c\u1ea3m \u01a1n qu\u00fd kh\u00e1ch h\u00e0ng th\u1eddi gian v\u1eeba qua \u0111\u00e3 tin t\u01b0\u1edfng v\u00e0 [...]\" \/>\n<meta property=\"og:url\" content=\"https:\/\/vesinh6.mauthemewp.com\/?page_id=2623\" \/>\n<meta property=\"og:site_name\" content=\"Web V\u1ec7 sinh\" \/>\n<meta property=\"article:modified_time\" content=\"2021-01-11T08:59:48+00:00\" \/>\n<meta name=\"twitter:card\" content=\"summary_large_image\" \/>\n<meta name=\"twitter:label1\" content=\"\u01af\u1edbc t\u00ednh th\u1eddi gian \u0111\u1ecdc\" \/>\n\t<meta name=\"twitter:data1\" content=\"1 ph\u00fat\" \/>\n<script type=\"application\/ld+json\" class=\"yoast-schema-graph\">{\"@context\":\"https:\/\/schema.org\",\"@graph\":[{\"@type\":\"WebPage\",\"@id\":\"https:\/\/vesinh6.mauthemewp.com\/?page_id=2623\",\"url\":\"https:\/\/vesinh6.mauthemewp.com\/?page_id=2623\",\"name\":\"Gi\u1edbi thi\u1ec7u - Web V\u1ec7 sinh\",\"isPartOf\":{\"@id\":\"https:\/\/vesinh6.mauthemewp.com\/#website\"},\"datePublished\":\"2021-01-05T07:08:49+00:00\",\"dateModified\":\"2021-01-11T08:59:48+00:00\",\"breadcrumb\":{\"@id\":\"https:\/\/vesinh6.mauthemewp.com\/?page_id=2623#breadcrumb\"},\"inLanguage\":\"vi\",\"potentialAction\":[{\"@type\":\"ReadAction\",\"target\":[\"https:\/\/vesinh6.mauthemewp.com\/?page_id=2623\"]}]},{\"@type\":\"BreadcrumbList\",\"@id\":\"https:\/\/vesinh6.mauthemewp.com\/?page_id=2623#breadcrumb\",\"itemListElement\":[{\"@type\":\"ListItem\",\"position\":1,\"name\":\"Trang ch\u1ee7\",\"item\":\"https:\/\/vesinh6.mauthemewp.com\/\"},{\"@type\":\"ListItem\",\"position\":2,\"name\":\"Gi\u1edbi thi\u1ec7u\"}]},{\"@type\":\"WebSite\",\"@id\":\"https:\/\/vesinh6.mauthemewp.com\/#website\",\"url\":\"https:\/\/vesinh6.mauthemewp.com\/\",\"name\":\"Web V\u1ec7 sinh\",\"description\":\"\",\"potentialAction\":[{\"@type\":\"SearchAction\",\"target\":{\"@type\":\"EntryPoint\",\"urlTemplate\":\"https:\/\/vesinh6.mauthemewp.com\/?s={search_term_string}\"},\"query-input\":\"required name=search_term_string\"}],\"inLanguage\":\"vi\"}]}<\/script>\n<!-- \/ Yoast SEO plugin. -->","yoast_head_json":{"title":"Gi\u1edbi thi\u1ec7u - Web V\u1ec7 sinh","robots":{"index":"index","follow":"follow","max-snippet":"max-snippet:-1","max-image-preview":"max-image-preview:large","max-video-preview":"max-video-preview:-1"},"canonical":"https:\/\/vesinh6.mauthemewp.com\/?page_id=2623","og_locale":"vi_VN","og_type":"article","og_title":"Gi\u1edbi thi\u1ec7u - Web V\u1ec7 sinh","og_description":"Ch\u00fang t\u00f4i l\u00e0 \u0111\u01a1n v\u1ecb chuy\u00ean cung c\u1ea5p c\u00e1c gi\u1ea3i ph\u00e1p l\u00e0m s\u1ea1ch v\u1ec7 sinh \u0111\u01b0\u1eddng \u1ed1ng n\u01b0\u1edbc c\u00f4ng ngh\u1ec7 cao. V\u1edbi ph\u01b0\u01a1ng ch\u00e2m &#8221; S\u1ef1 h\u00e0i l\u00f2ng c\u1ee7a kh\u00e1ch h\u00e0ng l\u00e0 th\u00e0nh c\u00f4ng c\u1ee7a ch\u00fang t\u00f4i&#8221;. Ch\u00fang t\u00f4i xin ch\u00e2n th\u00e0nh c\u1ea3m \u01a1n qu\u00fd kh\u00e1ch h\u00e0ng th\u1eddi gian v\u1eeba qua \u0111\u00e3 tin t\u01b0\u1edfng v\u00e0 [...]","og_url":"https:\/\/vesinh6.mauthemewp.com\/?page_id=2623","og_site_name":"Web V\u1ec7 sinh","article_modified_time":"2021-01-11T08:59:48+00:00","twitter_card":"summary_large_image","twitter_misc":{"\u01af\u1edbc t\u00ednh th\u1eddi gian \u0111\u1ecdc":"1 ph\u00fat"},"schema":{"@context":"https:\/\/schema.org","@graph":[{"@type":"WebPage","@id":"https:\/\/vesinh6.mauthemewp.com\/?page_id=2623","url":"https:\/\/vesinh6.mauthemewp.com\/?page_id=2623","name":"Gi\u1edbi thi\u1ec7u - Web V\u1ec7 sinh","isPartOf":{"@id":"https:\/\/vesinh6.mauthemewp.com\/#website"},"datePublished":"2021-01-05T07:08:49+00:00","dateModified":"2021-01-11T08:59:48+00:00","breadcrumb":{"@id":"https:\/\/vesinh6.mauthemewp.com\/?page_id=2623#breadcrumb"},"inLanguage":"vi","potentialAction":[{"@type":"ReadAction","target":["https:\/\/vesinh6.mauthemewp.com\/?page_id=2623"]}]},{"@type":"BreadcrumbList","@id":"https:\/\/vesinh6.mauthemewp.com\/?page_id=2623#breadcrumb","itemListElement":[{"@type":"ListItem","position":1,"name":"Trang ch\u1ee7","item":"https:\/\/vesinh6.mauthemewp.com\/"},{"@type":"ListItem","position":2,"name":"Gi\u1edbi thi\u1ec7u"}]},{"@type":"WebSite","@id":"https:\/\/vesinh6.mauthemewp.com\/#website","url":"https:\/\/vesinh6.mauthemewp.com\/","name":"Web V\u1ec7 sinh","description":"","potentialAction":[{"@type":"SearchAction","target":{"@type":"EntryPoint","urlTemplate":"https:\/\/vesinh6.mauthemewp.com\/?s={search_term_string}"},"query-input":"required name=search_term_string"}],"inLanguage":"vi"}]}},"_links":{"self":[{"href":"https:\/\/vesinh6.mauthemewp.com\/index.php?rest_route=\/wp\/v2\/pages\/2623"}],"collection":[{"href":"https:\/\/vesinh6.mauthemewp.com\/index.php?rest_route=\/wp\/v2\/pages"}],"about":[{"href":"https:\/\/vesinh6.mauthemewp.com\/index.php?rest_route=\/wp\/v2\/types\/page"}],"author":[{"embeddable":true,"href":"https:\/\/vesinh6.mauthemewp.com\/index.php?rest_route=\/wp\/v2\/users\/1"}],"replies":[{"embeddable":true,"href":"https:\/\/vesinh6.mauthemewp.com\/index.php?rest_route=%2Fwp%2Fv2%2Fcomments&post=2623"}],"version-history":[{"count":20,"href":"https:\/\/vesinh6.mauthemewp.com\/index.php?rest_route=\/wp\/v2\/pages\/2623\/revisions"}],"predecessor-version":[{"id":2804,"href":"https:\/\/vesinh6.mauthemewp.com\/index.php?rest_route=\/wp\/v2\/pages\/2623\/revisions\/2804"}],"wp:attachment":[{"href":"https:\/\/vesinh6.mauthemewp.com\/index.php?rest_route=%2Fwp%2Fv2%2Fmedia&parent=2623"}],"curies":[{"name":"wp","href":"https:\/\/api.w.org\/{rel}","templated":true}]}}